{"id":291,"date":"2025-04-10T09:52:56","date_gmt":"2025-04-10T09:52:56","guid":{"rendered":"https:\/\/acupunturaoriental.com\/?page_id=291"},"modified":"2025-04-11T08:41:09","modified_gmt":"2025-04-11T08:41:09","slug":"que-es-la-acupuntura","status":"publish","type":"page","link":"https:\/\/acupunturaoriental.com\/eus\/que-es-la-acupuntura\/","title":{"rendered":"Zer da Akupuntura"},"content":{"rendered":"<div data-elementor-type=\"wp-page\" data-elementor-id=\"291\" class=\"elementor elementor-291\" data-elementor-post-type=\"page\">\n\t\t\t\t<div class=\"elementor-element elementor-element-606b17f1 e-flex e-con-boxed e-con e-parent\" data-id=\"606b17f1\" data-element_type=\"container\" data-e-type=\"container\">\n\t\t\t\t\t<div class=\"e-con-inner\">\n\t\t\t\t<div class=\"elementor-element elementor-element-33cd5a11 elementor-widget elementor-widget-text-editor\" data-id=\"33cd5a11\" data-element_type=\"widget\" data-e-type=\"widget\" data-widget_type=\"text-editor.default\">\n\t\t\t\t<div class=\"elementor-widget-container\">\n\t\t\t\t\t\t\t\t\t<p><\/p>\n<p>Akupuntura Ekialdeko Medikuntzatik datorren milaka urteko teknika terapeutiko bat da. Gorputzeko puntu espezifikoetan oso orratz finak sartzean datza. \"Akupuntura puntuak\" izenez ezagutzen diren puntu hauek \"Qi\" izeneko bizi-energiaren fluxua dakarren meridiano edo kanaletan zehar kokatzen dira.<\/p>\n<p><\/p>\n<p>Koreako medikuntza tradizionalaren (Hanuihak) jatorria Kristo aurreko milaka urteetara atzera egiten duela uste da orokorrean. Hala ere, hainbat teoria daude une eta jatorri zehatzei buruz.<\/p>\n<p><strong>Ikuspegi orokorra<\/strong><\/p>\n<ul>\n<li>\n<p><strong>Hwangjenaegyeong (<span style=\"font-family: Noto Serif CJK SC;\"><span style=\"font-size: small;\"><span lang=\"zh-CN\">\u9ec3\u5e1d\u5167\u7d93<\/span><\/span><\/span>):<\/strong><\/p>\n<ul>\n<li>\n<p>Ekialdeko medikuntza tradizionalaren medikuntza libururik zaharrena, Kristo aurreko II. mende inguruan bildu zela uste da.<\/p>\n<\/li>\n<li>\n<p>Enperadorearen eta Giback bere ministroaren arteko galdera-erantzunen formatuan datza, eta Ekialdeko medikuntza tradizionalaren oinarrizko teoriak ditu, hala nola yin eta yang, bost elementuak, meridianoak eta akupuntura.<\/p>\n<\/li>\n<\/ul>\n<\/li>\n<li>\n<p><strong>Sinongbonchogyeong (<span style=\"font-family: Noto Serif CJK SC;\"><span style=\"font-size: small;\"><span lang=\"zh-CN\">\u795e\u8fb2\u672c\u8349\u7d93<\/span><\/span><\/span>):<\/strong><\/p>\n<ul>\n<li>\n<p>Farmakologiari buruzko libururik zaharrena, Kristo aurreko I. mende inguruan bildu zela uste da.<\/p>\n<\/li>\n<li>\n<p>365 motatako belar sendagarrien propietateak eta erabilerak erregistratzen ditu.<\/p>\n<\/li>\n<\/ul>\n<\/li>\n<\/ul>\n<p><strong>Koreako medikuntza tradizionalaren jatorria Korean:<\/strong><\/p>\n<ul>\n<li>\n<p><strong>Hiru Erreinuen Garaia:<\/strong><\/p>\n<ul>\n<li>\n<p>Hiru Erreinuen Garaian, Koreako medikuntza tradizionalaren oinarri teorikoa Txinako medikuntzaren eraginpean eratu zen.<\/p>\n<\/li>\n<li>\n<p>En particular, Baekje (\ubc31\uc81c) compil\u00f3 un libro de medicina llamado &#8216;Baekjesinjipbang&#8217;&nbsp;<span style=\"background-color: transparent; color: rgb(0, 0, 0); font-family: &quot;Liberation Serif&quot;, serif; font-size: 12pt; text-indent: -0.5cm; text-align: var(--text-align);\">(<\/span><font face=\"Noto Serif CJK SC\" style=\"background-color: transparent; color: rgb(0, 0, 0); font-size: 12pt; text-indent: -0.5cm; text-align: var(--text-align);\"><span lang=\"zh-CN\">\ubc31\uc81c\uc2e0\uc9d1\ubc29<\/span><\/font><font color=\"#000000\" style=\"background-color: transparent; color: rgb(0, 0, 0); font-family: &quot;Liberation Serif&quot;, serif; font-size: 12pt; text-indent: -0.5cm; text-align: var(--text-align);\">)<\/font><span style=\"background-color: transparent; text-align: var(--text-align);\">&nbsp;y estableci\u00f3 un sistema m\u00e9dico independiente.<\/span><\/p>\n<\/li>\n<\/ul>\n<\/li>\n<li>\n<p><strong>Joseon Dinastia:<\/strong><\/p>\n<ul>\n<li>\n<p>El &#8216;Donguibogam&#8217;&nbsp;<span style=\"background-color: transparent; color: rgb(0, 0, 0); font-family: &quot;Liberation Serif&quot;, serif; font-size: 12pt; text-indent: -0.5cm; text-align: var(--text-align);\">(<\/span><font face=\"Noto Serif CJK SC\" style=\"background-color: transparent; color: rgb(0, 0, 0); font-size: 12pt; text-indent: -0.5cm; text-align: var(--text-align);\"><span lang=\"zh-CN\">\ub3d9\uc758\ubcf4\uac10<\/span><\/font><font color=\"#000000\" style=\"background-color: transparent; color: rgb(0, 0, 0); font-family: &quot;Liberation Serif&quot;, serif; font-size: 12pt; text-indent: -0.5cm; text-align: var(--text-align);\">)&nbsp;<\/font><span style=\"background-color: transparent; text-align: var(--text-align);\">de Heo Jun&nbsp;<\/span><span style=\"background-color: transparent; color: rgb(0, 0, 0); font-family: &quot;Liberation Serif&quot;, serif; font-size: 12pt; text-indent: -0.5cm; text-align: var(--text-align);\">(<\/span><font face=\"Noto Serif CJK SC\" style=\"background-color: transparent; color: rgb(0, 0, 0); font-size: 12pt; text-indent: -0.5cm; text-align: var(--text-align);\"><span lang=\"zh-CN\">\ud5c8\uc900<\/span><\/font><font color=\"#000000\" style=\"background-color: transparent; color: rgb(0, 0, 0); font-family: &quot;Liberation Serif&quot;, serif; font-size: 12pt; text-indent: -0.5cm; text-align: var(--text-align);\">)<\/font><span style=\"background-color: transparent; text-align: var(--text-align);\">&nbsp;es considerado una recopilaci\u00f3n de la medicina tradicional coreana y tuvo una gran influencia en el desarrollo de la medicina tradicional en Corea.<\/span><\/p>\n<\/li>\n<li>\n<p>&#8216;Donguisusebowon&#8217;&nbsp;<span style=\"background-color: transparent; color: rgb(0, 0, 0); font-family: &quot;Liberation Serif&quot;, serif; font-size: 12pt; text-indent: -0.5cm; text-align: var(--text-align);\">(<\/span><font face=\"Noto Serif CJK SC\" style=\"background-color: transparent; color: rgb(0, 0, 0); font-size: 12pt; text-indent: -0.5cm; text-align: var(--text-align);\"><span lang=\"zh-CN\">\ub3d9\uc758\uc218\uc138\ubcf4\uc6d0<\/span><\/font><font color=\"#000000\" style=\"background-color: transparent; color: rgb(0, 0, 0); font-family: &quot;Liberation Serif&quot;, serif; font-size: 12pt; text-indent: -0.5cm; text-align: var(--text-align);\">)&nbsp;<\/font><span style=\"background-color: transparent; text-align: var(--text-align);\">de Je-ma Lee&nbsp;<\/span><span style=\"background-color: transparent; color: rgb(0, 0, 0); font-family: &quot;Liberation Serif&quot;, serif; font-size: 12pt; text-indent: -0.5cm; text-align: var(--text-align);\">(<\/span><font face=\"Noto Serif CJK SC\" style=\"background-color: transparent; color: rgb(0, 0, 0); font-size: 12pt; text-indent: -0.5cm; text-align: var(--text-align);\"><span lang=\"zh-CN\">\uc774\uc81c\ub9c8<\/span><\/font><font color=\"#000000\" style=\"background-color: transparent; color: rgb(0, 0, 0); font-family: &quot;Liberation Serif&quot;, serif; font-size: 12pt; text-indent: -0.5cm; text-align: var(--text-align);\">)<\/font><span style=\"background-color: transparent; text-align: var(--text-align);\">&nbsp;estableci\u00f3 la medicina constitucional Sasang, abriendo un nuevo horizonte para la medicina tradicional coreana.<\/span><\/p><\/li>\n<\/ul>\n<\/li>\n<\/ul>\n<p><strong>Ezaugarri nagusiak:<\/strong><\/p>\n<ul>\n<li>\n<p align=\"left\">Ekialdeko medikuntza tradizionala milaka urteetan zehar pilatutako esperientzian eta ezagutzan oinarrituta garatu da.<\/p>\n<\/li>\n<li>\n<p align=\"left\">Ekialdeko medikuntza tradizionalak garrantzitsutzat jotzen du naturaren eta giza gorputzaren arteko harmonia, baita yin (-) eta yang (+) eta bost elementuen oreka ere.<\/p>\n<\/li>\n<li>\n<p align=\"left\">Bere helburua giza gorputzaren sendatzeko ahalmen naturala hobetzea da, hainbat tratamenduren bidez, hala nola akupuntura, moxibustioa eta sendabelarrak.<\/p>\n<\/li>\n<\/ul>\n<p align=\"left\">Ekialdeko medikuntza tradizionala historia eta tradizio luzea duen ikasketa-eremua da, eta gaur egun pertsona askoren osasunerako tratamendu erabilgarri gisa erabiltzen da.<\/p>\n<p><\/p>\n<p><\/p>\t\t\t\t\t\t\t\t<\/div>\n\t\t\t\t<\/div>\n\t\t\t\t\t<\/div>\n\t\t\t\t<\/div>\n\t\t<div class=\"elementor-element elementor-element-9f41454 e-flex e-con-boxed e-con e-parent\" data-id=\"9f41454\" data-element_type=\"container\" data-e-type=\"container\">\n\t\t\t\t\t<div class=\"e-con-inner\">\n\t\t\t\t<div class=\"elementor-element elementor-element-a696619 elementor-widget elementor-widget-image\" data-id=\"a696619\" data-element_type=\"widget\" data-e-type=\"widget\" data-widget_type=\"image.default\">\n\t\t\t\t<div class=\"elementor-widget-container\">\n\t\t\t\t\t\t\t\t\t\t\t\t\t\t\t<img fetchpriority=\"high\" decoding=\"async\" width=\"512\" height=\"341\" src=\"https:\/\/acupunturaoriental.com\/wp-content\/uploads\/2025\/04\/unnamed.jpg\" class=\"attachment-large size-large wp-image-292\" alt=\"\" srcset=\"https:\/\/acupunturaoriental.com\/wp-content\/uploads\/2025\/04\/unnamed.jpg 512w, https:\/\/acupunturaoriental.com\/wp-content\/uploads\/2025\/04\/unnamed-300x200.jpg 300w, https:\/\/acupunturaoriental.com\/wp-content\/uploads\/2025\/04\/unnamed-18x12.jpg 18w\" sizes=\"(max-width: 512px) 100vw, 512px\" \/>\t\t\t\t\t\t\t\t\t\t\t\t\t\t\t<\/div>\n\t\t\t\t<\/div>\n\t\t\t\t\t<\/div>\n\t\t\t\t<\/div>\n\t\t\t\t<\/div>","protected":false},"excerpt":{"rendered":"<p>La acupuntura es una t\u00e9cnica terap\u00e9utica milenaria originaria de la Medicina Oriental que consiste en la inserci\u00f3n de agujas muy finas en puntos espec\u00edficos del cuerpo. Estos puntos, conocidos como \u00abpuntos de acupuntura\u00bb, se encuentran a lo largo de meridianos o canales por donde fluye la energ\u00eda vital, llamada \u00abQi\u00bb Los or\u00edgenes de la medicina [&hellip;]<\/p>\n","protected":false},"author":1,"featured_media":0,"parent":0,"menu_order":0,"comment_status":"closed","ping_status":"closed","template":"","meta":{"footnotes":""},"class_list":["post-291","page","type-page","status-publish","hentry"],"yoast_head":"<!-- This site is optimized with the Yoast SEO plugin v27.5 - https:\/\/yoast.com\/product\/yoast-seo-wordpress\/ -->\n<title>Que es la Acupuntura - Acupuntura Oriental<\/title>\n<meta name=\"robots\" content=\"index, follow, max-snippet:-1, max-image-preview:large, max-video-preview:-1\" \/>\n<link rel=\"canonical\" href=\"https:\/\/acupunturaoriental.com\/eus\/que-es-la-acupuntura\/\" \/>\n<meta property=\"og:locale\" content=\"en_US\" \/>\n<meta property=\"og:type\" content=\"article\" \/>\n<meta property=\"og:title\" content=\"Que es la Acupuntura - Acupuntura Oriental\" \/>\n<meta property=\"og:description\" content=\"La acupuntura es una t\u00e9cnica terap\u00e9utica milenaria originaria de la Medicina Oriental que consiste en la inserci\u00f3n de agujas muy finas en puntos espec\u00edficos del cuerpo. Estos puntos, conocidos como \u00abpuntos de acupuntura\u00bb, se encuentran a lo largo de meridianos o canales por donde fluye la energ\u00eda vital, llamada \u00abQi\u00bb Los or\u00edgenes de la medicina [&hellip;]\" \/>\n<meta property=\"og:url\" content=\"https:\/\/acupunturaoriental.com\/eus\/que-es-la-acupuntura\/\" \/>\n<meta property=\"og:site_name\" content=\"Acupuntura Oriental\" \/>\n<meta property=\"article:modified_time\" content=\"2025-04-11T08:41:09+00:00\" \/>\n<meta property=\"og:image\" content=\"https:\/\/acupunturaoriental.com\/wp-content\/uploads\/2025\/04\/unnamed.jpg\" \/>\n<meta name=\"twitter:card\" content=\"summary_large_image\" \/>\n<meta name=\"twitter:label1\" content=\"Est. reading time\" \/>\n\t<meta name=\"twitter:data1\" content=\"2 minutua\" \/>\n<script type=\"application\/ld+json\" class=\"yoast-schema-graph\">{\"@context\":\"https:\\\/\\\/schema.org\",\"@graph\":[{\"@type\":\"WebPage\",\"@id\":\"https:\\\/\\\/acupunturaoriental.com\\\/que-es-la-acupuntura\\\/\",\"url\":\"https:\\\/\\\/acupunturaoriental.com\\\/que-es-la-acupuntura\\\/\",\"name\":\"Que es la Acupuntura - Acupuntura Oriental\",\"isPartOf\":{\"@id\":\"https:\\\/\\\/acupunturaoriental.com\\\/#website\"},\"primaryImageOfPage\":{\"@id\":\"https:\\\/\\\/acupunturaoriental.com\\\/que-es-la-acupuntura\\\/#primaryimage\"},\"image\":{\"@id\":\"https:\\\/\\\/acupunturaoriental.com\\\/que-es-la-acupuntura\\\/#primaryimage\"},\"thumbnailUrl\":\"https:\\\/\\\/acupunturaoriental.com\\\/wp-content\\\/uploads\\\/2025\\\/04\\\/unnamed.jpg\",\"datePublished\":\"2025-04-10T09:52:56+00:00\",\"dateModified\":\"2025-04-11T08:41:09+00:00\",\"breadcrumb\":{\"@id\":\"https:\\\/\\\/acupunturaoriental.com\\\/que-es-la-acupuntura\\\/#breadcrumb\"},\"inLanguage\":\"eu\",\"potentialAction\":[{\"@type\":\"ReadAction\",\"target\":[\"https:\\\/\\\/acupunturaoriental.com\\\/que-es-la-acupuntura\\\/\"]}]},{\"@type\":\"ImageObject\",\"inLanguage\":\"eu\",\"@id\":\"https:\\\/\\\/acupunturaoriental.com\\\/que-es-la-acupuntura\\\/#primaryimage\",\"url\":\"https:\\\/\\\/acupunturaoriental.com\\\/wp-content\\\/uploads\\\/2025\\\/04\\\/unnamed.jpg\",\"contentUrl\":\"https:\\\/\\\/acupunturaoriental.com\\\/wp-content\\\/uploads\\\/2025\\\/04\\\/unnamed.jpg\"},{\"@type\":\"BreadcrumbList\",\"@id\":\"https:\\\/\\\/acupunturaoriental.com\\\/que-es-la-acupuntura\\\/#breadcrumb\",\"itemListElement\":[{\"@type\":\"ListItem\",\"position\":1,\"name\":\"Portada\",\"item\":\"https:\\\/\\\/acupunturaoriental.com\\\/\"},{\"@type\":\"ListItem\",\"position\":2,\"name\":\"Que es la Acupuntura\"}]},{\"@type\":\"WebSite\",\"@id\":\"https:\\\/\\\/acupunturaoriental.com\\\/#website\",\"url\":\"https:\\\/\\\/acupunturaoriental.com\\\/\",\"name\":\"Acupuntura Oriental\",\"description\":\"\",\"publisher\":{\"@id\":\"https:\\\/\\\/acupunturaoriental.com\\\/#organization\"},\"potentialAction\":[{\"@type\":\"SearchAction\",\"target\":{\"@type\":\"EntryPoint\",\"urlTemplate\":\"https:\\\/\\\/acupunturaoriental.com\\\/?s={search_term_string}\"},\"query-input\":{\"@type\":\"PropertyValueSpecification\",\"valueRequired\":true,\"valueName\":\"search_term_string\"}}],\"inLanguage\":\"eu\"},{\"@type\":\"Organization\",\"@id\":\"https:\\\/\\\/acupunturaoriental.com\\\/#organization\",\"name\":\"Acupuntura Oriental\",\"url\":\"https:\\\/\\\/acupunturaoriental.com\\\/\",\"logo\":{\"@type\":\"ImageObject\",\"inLanguage\":\"eu\",\"@id\":\"https:\\\/\\\/acupunturaoriental.com\\\/#\\\/schema\\\/logo\\\/image\\\/\",\"url\":\"https:\\\/\\\/acupunturaoriental.com\\\/wp-content\\\/uploads\\\/2024\\\/03\\\/cropped-Acupuntura_Mesa-de-trabajo-1.png\",\"contentUrl\":\"https:\\\/\\\/acupunturaoriental.com\\\/wp-content\\\/uploads\\\/2024\\\/03\\\/cropped-Acupuntura_Mesa-de-trabajo-1.png\",\"width\":1919,\"height\":891,\"caption\":\"Acupuntura Oriental\"},\"image\":{\"@id\":\"https:\\\/\\\/acupunturaoriental.com\\\/#\\\/schema\\\/logo\\\/image\\\/\"}}]}<\/script>\n<!-- \/ Yoast SEO plugin. -->","yoast_head_json":{"title":"Que es la Acupuntura - Acupuntura Oriental","robots":{"index":"index","follow":"follow","max-snippet":"max-snippet:-1","max-image-preview":"max-image-preview:large","max-video-preview":"max-video-preview:-1"},"canonical":"https:\/\/acupunturaoriental.com\/eus\/que-es-la-acupuntura\/","og_locale":"en_US","og_type":"article","og_title":"Que es la Acupuntura - Acupuntura Oriental","og_description":"La acupuntura es una t\u00e9cnica terap\u00e9utica milenaria originaria de la Medicina Oriental que consiste en la inserci\u00f3n de agujas muy finas en puntos espec\u00edficos del cuerpo. Estos puntos, conocidos como \u00abpuntos de acupuntura\u00bb, se encuentran a lo largo de meridianos o canales por donde fluye la energ\u00eda vital, llamada \u00abQi\u00bb Los or\u00edgenes de la medicina [&hellip;]","og_url":"https:\/\/acupunturaoriental.com\/eus\/que-es-la-acupuntura\/","og_site_name":"Acupuntura Oriental","article_modified_time":"2025-04-11T08:41:09+00:00","og_image":[{"url":"https:\/\/acupunturaoriental.com\/wp-content\/uploads\/2025\/04\/unnamed.jpg","type":"","width":"","height":""}],"twitter_card":"summary_large_image","twitter_misc":{"Est. reading time":"2 minutua"},"schema":{"@context":"https:\/\/schema.org","@graph":[{"@type":"WebPage","@id":"https:\/\/acupunturaoriental.com\/que-es-la-acupuntura\/","url":"https:\/\/acupunturaoriental.com\/que-es-la-acupuntura\/","name":"Que es la Acupuntura - Acupuntura Oriental","isPartOf":{"@id":"https:\/\/acupunturaoriental.com\/#website"},"primaryImageOfPage":{"@id":"https:\/\/acupunturaoriental.com\/que-es-la-acupuntura\/#primaryimage"},"image":{"@id":"https:\/\/acupunturaoriental.com\/que-es-la-acupuntura\/#primaryimage"},"thumbnailUrl":"https:\/\/acupunturaoriental.com\/wp-content\/uploads\/2025\/04\/unnamed.jpg","datePublished":"2025-04-10T09:52:56+00:00","dateModified":"2025-04-11T08:41:09+00:00","breadcrumb":{"@id":"https:\/\/acupunturaoriental.com\/que-es-la-acupuntura\/#breadcrumb"},"inLanguage":"eu","potentialAction":[{"@type":"ReadAction","target":["https:\/\/acupunturaoriental.com\/que-es-la-acupuntura\/"]}]},{"@type":"ImageObject","inLanguage":"eu","@id":"https:\/\/acupunturaoriental.com\/que-es-la-acupuntura\/#primaryimage","url":"https:\/\/acupunturaoriental.com\/wp-content\/uploads\/2025\/04\/unnamed.jpg","contentUrl":"https:\/\/acupunturaoriental.com\/wp-content\/uploads\/2025\/04\/unnamed.jpg"},{"@type":"BreadcrumbList","@id":"https:\/\/acupunturaoriental.com\/que-es-la-acupuntura\/#breadcrumb","itemListElement":[{"@type":"ListItem","position":1,"name":"Portada","item":"https:\/\/acupunturaoriental.com\/"},{"@type":"ListItem","position":2,"name":"Que es la Acupuntura"}]},{"@type":"WebSite","@id":"https:\/\/acupunturaoriental.com\/#website","url":"https:\/\/acupunturaoriental.com\/","name":"Acupuntura Oriental","description":"","publisher":{"@id":"https:\/\/acupunturaoriental.com\/#organization"},"potentialAction":[{"@type":"SearchAction","target":{"@type":"EntryPoint","urlTemplate":"https:\/\/acupunturaoriental.com\/?s={search_term_string}"},"query-input":{"@type":"PropertyValueSpecification","valueRequired":true,"valueName":"search_term_string"}}],"inLanguage":"eu"},{"@type":"Organization","@id":"https:\/\/acupunturaoriental.com\/#organization","name":"Acupuntura Oriental","url":"https:\/\/acupunturaoriental.com\/","logo":{"@type":"ImageObject","inLanguage":"eu","@id":"https:\/\/acupunturaoriental.com\/#\/schema\/logo\/image\/","url":"https:\/\/acupunturaoriental.com\/wp-content\/uploads\/2024\/03\/cropped-Acupuntura_Mesa-de-trabajo-1.png","contentUrl":"https:\/\/acupunturaoriental.com\/wp-content\/uploads\/2024\/03\/cropped-Acupuntura_Mesa-de-trabajo-1.png","width":1919,"height":891,"caption":"Acupuntura Oriental"},"image":{"@id":"https:\/\/acupunturaoriental.com\/#\/schema\/logo\/image\/"}}]}},"_links":{"self":[{"href":"https:\/\/acupunturaoriental.com\/eus\/wp-json\/wp\/v2\/pages\/291","targetHints":{"allow":["GET"]}}],"collection":[{"href":"https:\/\/acupunturaoriental.com\/eus\/wp-json\/wp\/v2\/pages"}],"about":[{"href":"https:\/\/acupunturaoriental.com\/eus\/wp-json\/wp\/v2\/types\/page"}],"author":[{"embeddable":true,"href":"https:\/\/acupunturaoriental.com\/eus\/wp-json\/wp\/v2\/users\/1"}],"replies":[{"embeddable":true,"href":"https:\/\/acupunturaoriental.com\/eus\/wp-json\/wp\/v2\/comments?post=291"}],"version-history":[{"count":21,"href":"https:\/\/acupunturaoriental.com\/eus\/wp-json\/wp\/v2\/pages\/291\/revisions"}],"predecessor-version":[{"id":391,"href":"https:\/\/acupunturaoriental.com\/eus\/wp-json\/wp\/v2\/pages\/291\/revisions\/391"}],"wp:attachment":[{"href":"https:\/\/acupunturaoriental.com\/eus\/wp-json\/wp\/v2\/media?parent=291"}],"curies":[{"name":"wp","href":"https:\/\/api.w.org\/{rel}","templated":true}]}}