{"id":817,"date":"2025-05-26T21:23:24","date_gmt":"2025-05-26T21:23:24","guid":{"rendered":"https:\/\/acupunturaoriental.com\/?page_id=817"},"modified":"2025-05-26T21:29:51","modified_gmt":"2025-05-26T21:29:51","slug":"categorias","status":"publish","type":"page","link":"https:\/\/acupunturaoriental.com\/eus\/categorias\/","title":{"rendered":"Categor\u00edas"},"content":{"rendered":"<div data-elementor-type=\"wp-page\" data-elementor-id=\"817\" class=\"elementor elementor-817\" data-elementor-post-type=\"page\">\n\t\t\t\t<div class=\"elementor-element elementor-element-3604825 e-flex e-con-boxed e-con e-parent\" data-id=\"3604825\" data-element_type=\"container\" data-e-type=\"container\">\n\t\t\t\t\t<div class=\"e-con-inner\">\n\t\t\t\t<div class=\"elementor-element elementor-element-902c896 elementor-grid-3 elementor-grid-tablet-2 elementor-grid-mobile-1 elementor-posts--thumbnail-top elementor-posts--show-avatar elementor-card-shadow-yes elementor-posts__hover-gradient elementor-widget elementor-widget-posts\" data-id=\"902c896\" data-element_type=\"widget\" data-e-type=\"widget\" data-settings=\"{&quot;pagination_type&quot;:&quot;numbers_and_prev_next&quot;,&quot;cards_columns&quot;:&quot;3&quot;,&quot;cards_columns_tablet&quot;:&quot;2&quot;,&quot;cards_columns_mobile&quot;:&quot;1&quot;,&quot;cards_row_gap&quot;:{&quot;unit&quot;:&quot;px&quot;,&quot;size&quot;:35,&quot;sizes&quot;:[]},&quot;cards_row_gap_tablet&quot;:{&quot;unit&quot;:&quot;px&quot;,&quot;size&quot;:&quot;&quot;,&quot;sizes&quot;:[]},&quot;cards_row_gap_mobile&quot;:{&quot;unit&quot;:&quot;px&quot;,&quot;size&quot;:&quot;&quot;,&quot;sizes&quot;:[]}}\" data-widget_type=\"posts.cards\">\n\t\t\t\t<div class=\"elementor-widget-container\">\n\t\t\t\t\t\t\t<div class=\"elementor-posts-container elementor-posts elementor-posts--skin-cards elementor-grid\" role=\"list\">\n\t\t\t\t<article class=\"elementor-post elementor-grid-item post-1240 post type-post status-publish format-standard hentry category-casos\" role=\"listitem\">\n\t\t\t<div class=\"elementor-post__card\">\n\t\t\t\t<div class=\"elementor-post__text\">\n\t\t\t\t<h3 class=\"elementor-post__title\">\n\t\t\t<a href=\"https:\/\/acupunturaoriental.com\/eus\/como-aliviar-el-espolon-calcaneo-con-acupuntura-coreana-un-caso-de-exito\/\" >\n\t\t\t\tNola arindu orpoko ezproiak Koreako akupunturarekin: arrakasta istorio bat\t\t\t<\/a>\n\t\t<\/h3>\n\t\t\t\t<div class=\"elementor-post__excerpt\">\n\t\t\t<p>El dolor punzante en el tal\u00f3n al dar los primeros pasos del d\u00eda es una sensaci\u00f3n que miles de personas conocen bien. El espol\u00f3n calc\u00e1neo<\/p>\n\t\t<\/div>\n\t\t\t\t\t<div class=\"elementor-post__read-more-wrapper\">\n\t\t\n\t\t<a class=\"elementor-post__read-more\" href=\"https:\/\/acupunturaoriental.com\/eus\/como-aliviar-el-espolon-calcaneo-con-acupuntura-coreana-un-caso-de-exito\/\" aria-label=\"Read more about C\u00f3mo Aliviar el Espol\u00f3n Calc\u00e1neo con Acupuntura Coreana: Un Caso de \u00c9xito\" tabindex=\"-1\" >\n\t\t\tLeer m\u00e1s \u00bb\t\t<\/a>\n\n\t\t\t\t\t<\/div>\n\t\t\t\t<\/div>\n\t\t\t\t<div class=\"elementor-post__meta-data\">\n\t\t\t\t\t<span class=\"elementor-post-date\">\n\t\t\t17 otsaila, 2026\t\t<\/span>\n\t\t\t\t<\/div>\n\t\t\t\t\t<\/div>\n\t\t<\/article>\n\t\t\t\t<article class=\"elementor-post elementor-grid-item post-1230 post type-post status-publish format-standard hentry category-casos\" role=\"listitem\">\n\t\t\t<div class=\"elementor-post__card\">\n\t\t\t\t<div class=\"elementor-post__text\">\n\t\t\t\t<h3 class=\"elementor-post__title\">\n\t\t\t<a href=\"https:\/\/acupunturaoriental.com\/eus\/como-la-acupuntura-coreana-saam-elimina-la-fascitis-plantar-un-caso-de-exito\/\" >\n\t\t\t\tNola ezabatzen duen Saam Koreako akupunturak oin-zolako faszitisa: arrakasta-istorio bat\t\t\t<\/a>\n\t\t<\/h3>\n\t\t\t\t<div class=\"elementor-post__excerpt\">\n\t\t\t<p>La fascitis plantar es una de las causas m\u00e1s comunes de dolor en el tal\u00f3n, afectando la calidad de vida de miles de personas. Muchos<\/p>\n\t\t<\/div>\n\t\t\t\t\t<div class=\"elementor-post__read-more-wrapper\">\n\t\t\n\t\t<a class=\"elementor-post__read-more\" href=\"https:\/\/acupunturaoriental.com\/eus\/como-la-acupuntura-coreana-saam-elimina-la-fascitis-plantar-un-caso-de-exito\/\" aria-label=\"Read more about C\u00f3mo la Acupuntura Coreana Saam elimina la Fascitis Plantar: Un Caso de \u00c9xito\" tabindex=\"-1\" >\n\t\t\tLeer m\u00e1s \u00bb\t\t<\/a>\n\n\t\t\t\t\t<\/div>\n\t\t\t\t<\/div>\n\t\t\t\t<div class=\"elementor-post__meta-data\">\n\t\t\t\t\t<span class=\"elementor-post-date\">\n\t\t\t3 otsaila, 2026\t\t<\/span>\n\t\t\t\t<\/div>\n\t\t\t\t\t<\/div>\n\t\t<\/article>\n\t\t\t\t<article class=\"elementor-post elementor-grid-item post-1219 post type-post status-publish format-standard hentry category-casos\" role=\"listitem\">\n\t\t\t<div class=\"elementor-post__card\">\n\t\t\t\t<div class=\"elementor-post__text\">\n\t\t\t\t<h3 class=\"elementor-post__title\">\n\t\t\t<a href=\"https:\/\/acupunturaoriental.com\/eus\/acupuntura-para-la-fatiga-cronica-como-recuperar-tu-energia-a-los-70-anos\/\" >\n\t\t\t\tAkupuntura neke kronikorako: nola berreskuratu energia 70 urterekin\t\t\t<\/a>\n\t\t<\/h3>\n\t\t\t\t<div class=\"elementor-post__excerpt\">\n\t\t\t<p>Sentirse agotado al llegar a cierta edad suele aceptarse como \u00abalgo normal\u00bb, pero la realidad es muy distinta. La fatiga cr\u00f3nica no es solo cansancio;<\/p>\n\t\t<\/div>\n\t\t\t\t\t<div class=\"elementor-post__read-more-wrapper\">\n\t\t\n\t\t<a class=\"elementor-post__read-more\" href=\"https:\/\/acupunturaoriental.com\/eus\/acupuntura-para-la-fatiga-cronica-como-recuperar-tu-energia-a-los-70-anos\/\" aria-label=\"Read more about Acupuntura para la Fatiga Cr\u00f3nica: C\u00f3mo Recuperar tu Energ\u00eda a los 70 A\u00f1os\" tabindex=\"-1\" >\n\t\t\tLeer m\u00e1s \u00bb\t\t<\/a>\n\n\t\t\t\t\t<\/div>\n\t\t\t\t<\/div>\n\t\t\t\t<div class=\"elementor-post__meta-data\">\n\t\t\t\t\t<span class=\"elementor-post-date\">\n\t\t\t20 urtarrila, 2026\t\t<\/span>\n\t\t\t\t<\/div>\n\t\t\t\t\t<\/div>\n\t\t<\/article>\n\t\t\t\t<article class=\"elementor-post elementor-grid-item post-1212 post type-post status-publish format-standard hentry category-casos\" role=\"listitem\">\n\t\t\t<div class=\"elementor-post__card\">\n\t\t\t\t<div class=\"elementor-post__text\">\n\t\t\t\t<h3 class=\"elementor-post__title\">\n\t\t\t<a href=\"https:\/\/acupunturaoriental.com\/eus\/sanando-el-espiritu-el-poder-de-la-acupuntura-coreana-para-superar-la-depresion\/\" >\n\t\t\t\tEspiritua sendatzea: Koreako akupunturaren boterea depresioa gainditzeko\t\t\t<\/a>\n\t\t<\/h3>\n\t\t\t\t<div class=\"elementor-post__excerpt\">\n\t\t\t<p>En la pr\u00e1ctica cl\u00ednica, la depresi\u00f3n es una de las condiciones m\u00e1s complejas y que requieren un enfoque hol\u00edstico. Como acupunturista formado en las ricas<\/p>\n\t\t<\/div>\n\t\t\t\t\t<div class=\"elementor-post__read-more-wrapper\">\n\t\t\n\t\t<a class=\"elementor-post__read-more\" href=\"https:\/\/acupunturaoriental.com\/eus\/sanando-el-espiritu-el-poder-de-la-acupuntura-coreana-para-superar-la-depresion\/\" aria-label=\"Read more about Sanando el Esp\u00edritu: El Poder de la Acupuntura Coreana para Superar la Depresi\u00f3n\" tabindex=\"-1\" >\n\t\t\tLeer m\u00e1s \u00bb\t\t<\/a>\n\n\t\t\t\t\t<\/div>\n\t\t\t\t<\/div>\n\t\t\t\t<div class=\"elementor-post__meta-data\">\n\t\t\t\t\t<span class=\"elementor-post-date\">\n\t\t\t30 abendua, 2025\t\t<\/span>\n\t\t\t\t<\/div>\n\t\t\t\t\t<\/div>\n\t\t<\/article>\n\t\t\t\t<article class=\"elementor-post elementor-grid-item post-1201 post type-post status-publish format-standard hentry category-casos\" role=\"listitem\">\n\t\t\t<div class=\"elementor-post__card\">\n\t\t\t\t<div class=\"elementor-post__text\">\n\t\t\t\t<h3 class=\"elementor-post__title\">\n\t\t\t<a href=\"https:\/\/acupunturaoriental.com\/eus\/acupuntura-coreana-para-el-estres-de-examenes-el-secreto-milenario-para-calmar-la-mente\/\" >\n\t\t\t\tKorear akupuntura azterketa estreserako: adimena lasaitzeko antzinako sekretua\t\t\t<\/a>\n\t\t<\/h3>\n\t\t\t\t<div class=\"elementor-post__excerpt\">\n\t\t\t<p>\u00bfEstresado por los ex\u00e1menes? Descubra el poder de la Acupuntura para la Ansiedad Estudiantil En la sociedad actual, la presi\u00f3n acad\u00e9mica se ha convertido en<\/p>\n\t\t<\/div>\n\t\t\t\t\t<div class=\"elementor-post__read-more-wrapper\">\n\t\t\n\t\t<a class=\"elementor-post__read-more\" href=\"https:\/\/acupunturaoriental.com\/eus\/acupuntura-coreana-para-el-estres-de-examenes-el-secreto-milenario-para-calmar-la-mente\/\" aria-label=\"Read more about Acupuntura Coreana para el Estr\u00e9s de Ex\u00e1menes: El Secreto Milenario para Calmar la Mente\" tabindex=\"-1\" >\n\t\t\tLeer m\u00e1s \u00bb\t\t<\/a>\n\n\t\t\t\t\t<\/div>\n\t\t\t\t<\/div>\n\t\t\t\t<div class=\"elementor-post__meta-data\">\n\t\t\t\t\t<span class=\"elementor-post-date\">\n\t\t\t16 abendua, 2025\t\t<\/span>\n\t\t\t\t<\/div>\n\t\t\t\t\t<\/div>\n\t\t<\/article>\n\t\t\t\t<article class=\"elementor-post elementor-grid-item post-1190 post type-post status-publish format-standard hentry category-casos\" role=\"listitem\">\n\t\t\t<div class=\"elementor-post__card\">\n\t\t\t\t<div class=\"elementor-post__text\">\n\t\t\t\t<h3 class=\"elementor-post__title\">\n\t\t\t<a href=\"https:\/\/acupunturaoriental.com\/eus\/despidase-de-la-faringitis-cronica-la-perspectiva-de-la-acupuntura-coreana\/\" >\n\t\t\t\tEsan agur faringitis kronikoari: Koreako akupunturaren ikuspegia\t\t\t<\/a>\n\t\t<\/h3>\n\t\t\t\t<div class=\"elementor-post__excerpt\">\n\t\t\t<p>Si usted, o un ser querido, padece de faringitis cr\u00f3nica, sabr\u00e1 lo frustrante que puede ser la constante molestia en la garganta, la tos persistente<\/p>\n\t\t<\/div>\n\t\t\t\t\t<div class=\"elementor-post__read-more-wrapper\">\n\t\t\n\t\t<a class=\"elementor-post__read-more\" href=\"https:\/\/acupunturaoriental.com\/eus\/despidase-de-la-faringitis-cronica-la-perspectiva-de-la-acupuntura-coreana\/\" aria-label=\"Read more about Desp\u00eddase de la Faringitis Cr\u00f3nica: La Perspectiva de la Acupuntura Coreana\" tabindex=\"-1\" >\n\t\t\tLeer m\u00e1s \u00bb\t\t<\/a>\n\n\t\t\t\t\t<\/div>\n\t\t\t\t<\/div>\n\t\t\t\t<div class=\"elementor-post__meta-data\">\n\t\t\t\t\t<span class=\"elementor-post-date\">\n\t\t\t3 abendua, 2025\t\t<\/span>\n\t\t\t\t<\/div>\n\t\t\t\t\t<\/div>\n\t\t<\/article>\n\t\t\t\t<\/div>\n\t\t\n\t\t\t\t<div class=\"e-load-more-anchor\" data-page=\"1\" data-max-page=\"9\" data-next-page=\"https:\/\/acupunturaoriental.com\/eus\/wp-json\/wp\/v2\/pages\/817\/page\/2\/\"><\/div>\n\t\t\t\t<nav class=\"elementor-pagination\" aria-label=\"Pagination\">\n\t\t\t<span class=\"page-numbers prev\">&laquo; Anterior<\/span>\n<span aria-current=\"page\" class=\"page-numbers current\"><span class=\"elementor-screen-only\">Page<\/span>1<\/span>\n<a class=\"page-numbers\" href=\"https:\/\/acupunturaoriental.com\/eus\/wp-json\/wp\/v2\/pages\/817\/page\/2\/\"><span class=\"elementor-screen-only\">Page<\/span>2<\/a>\n<a class=\"page-numbers\" href=\"https:\/\/acupunturaoriental.com\/eus\/wp-json\/wp\/v2\/pages\/817\/page\/3\/\"><span class=\"elementor-screen-only\">Page<\/span>3<\/a>\n<a class=\"page-numbers\" href=\"https:\/\/acupunturaoriental.com\/eus\/wp-json\/wp\/v2\/pages\/817\/page\/4\/\"><span class=\"elementor-screen-only\">Page<\/span>4<\/a>\n<a class=\"page-numbers\" href=\"https:\/\/acupunturaoriental.com\/eus\/wp-json\/wp\/v2\/pages\/817\/page\/5\/\"><span class=\"elementor-screen-only\">Page<\/span>5<\/a>\n<a class=\"page-numbers next\" href=\"https:\/\/acupunturaoriental.com\/eus\/wp-json\/wp\/v2\/pages\/817\/page\/2\/\">Siguiente &raquo;<\/a>\t\t<\/nav>\n\t\t\t\t\t\t<\/div>\n\t\t\t\t<\/div>\n\t\t\t\t\t<\/div>\n\t\t\t\t<\/div>\n\t\t\t\t<\/div>","protected":false},"excerpt":{"rendered":"","protected":false},"author":1,"featured_media":0,"parent":0,"menu_order":0,"comment_status":"closed","ping_status":"closed","template":"","meta":{"footnotes":""},"class_list":["post-817","page","type-page","status-publish","hentry"],"yoast_head":"<!-- This site is optimized with the Yoast SEO plugin v27.5 - https:\/\/yoast.com\/product\/yoast-seo-wordpress\/ -->\n<title>Categor\u00edas - Acupuntura Oriental<\/title>\n<meta name=\"robots\" content=\"index, follow, max-snippet:-1, max-image-preview:large, max-video-preview:-1\" \/>\n<link rel=\"canonical\" href=\"https:\/\/acupunturaoriental.com\/eus\/categorias\/\" \/>\n<meta property=\"og:locale\" content=\"en_US\" \/>\n<meta property=\"og:type\" content=\"article\" \/>\n<meta property=\"og:title\" content=\"Categor\u00edas - Acupuntura Oriental\" \/>\n<meta property=\"og:url\" content=\"https:\/\/acupunturaoriental.com\/eus\/categorias\/\" \/>\n<meta property=\"og:site_name\" content=\"Acupuntura Oriental\" \/>\n<meta property=\"article:modified_time\" content=\"2025-05-26T21:29:51+00:00\" \/>\n<meta name=\"twitter:card\" content=\"summary_large_image\" \/>\n<meta name=\"twitter:label1\" content=\"Est. reading time\" \/>\n\t<meta name=\"twitter:data1\" content=\"4 minutua\" \/>\n<script type=\"application\/ld+json\" class=\"yoast-schema-graph\">{\"@context\":\"https:\\\/\\\/schema.org\",\"@graph\":[{\"@type\":\"WebPage\",\"@id\":\"https:\\\/\\\/acupunturaoriental.com\\\/categorias\\\/\",\"url\":\"https:\\\/\\\/acupunturaoriental.com\\\/categorias\\\/\",\"name\":\"Categor\u00edas - Acupuntura Oriental\",\"isPartOf\":{\"@id\":\"https:\\\/\\\/acupunturaoriental.com\\\/#website\"},\"datePublished\":\"2025-05-26T21:23:24+00:00\",\"dateModified\":\"2025-05-26T21:29:51+00:00\",\"breadcrumb\":{\"@id\":\"https:\\\/\\\/acupunturaoriental.com\\\/categorias\\\/#breadcrumb\"},\"inLanguage\":\"eu\",\"potentialAction\":[{\"@type\":\"ReadAction\",\"target\":[\"https:\\\/\\\/acupunturaoriental.com\\\/categorias\\\/\"]}]},{\"@type\":\"BreadcrumbList\",\"@id\":\"https:\\\/\\\/acupunturaoriental.com\\\/categorias\\\/#breadcrumb\",\"itemListElement\":[{\"@type\":\"ListItem\",\"position\":1,\"name\":\"Portada\",\"item\":\"https:\\\/\\\/acupunturaoriental.com\\\/\"},{\"@type\":\"ListItem\",\"position\":2,\"name\":\"Categor\u00edas\"}]},{\"@type\":\"WebSite\",\"@id\":\"https:\\\/\\\/acupunturaoriental.com\\\/#website\",\"url\":\"https:\\\/\\\/acupunturaoriental.com\\\/\",\"name\":\"Acupuntura Oriental\",\"description\":\"\",\"publisher\":{\"@id\":\"https:\\\/\\\/acupunturaoriental.com\\\/#organization\"},\"potentialAction\":[{\"@type\":\"SearchAction\",\"target\":{\"@type\":\"EntryPoint\",\"urlTemplate\":\"https:\\\/\\\/acupunturaoriental.com\\\/?s={search_term_string}\"},\"query-input\":{\"@type\":\"PropertyValueSpecification\",\"valueRequired\":true,\"valueName\":\"search_term_string\"}}],\"inLanguage\":\"eu\"},{\"@type\":\"Organization\",\"@id\":\"https:\\\/\\\/acupunturaoriental.com\\\/#organization\",\"name\":\"Acupuntura Oriental\",\"url\":\"https:\\\/\\\/acupunturaoriental.com\\\/\",\"logo\":{\"@type\":\"ImageObject\",\"inLanguage\":\"eu\",\"@id\":\"https:\\\/\\\/acupunturaoriental.com\\\/#\\\/schema\\\/logo\\\/image\\\/\",\"url\":\"https:\\\/\\\/acupunturaoriental.com\\\/wp-content\\\/uploads\\\/2024\\\/03\\\/cropped-Acupuntura_Mesa-de-trabajo-1.png\",\"contentUrl\":\"https:\\\/\\\/acupunturaoriental.com\\\/wp-content\\\/uploads\\\/2024\\\/03\\\/cropped-Acupuntura_Mesa-de-trabajo-1.png\",\"width\":1919,\"height\":891,\"caption\":\"Acupuntura Oriental\"},\"image\":{\"@id\":\"https:\\\/\\\/acupunturaoriental.com\\\/#\\\/schema\\\/logo\\\/image\\\/\"}}]}<\/script>\n<!-- \/ Yoast SEO plugin. -->","yoast_head_json":{"title":"Categor\u00edas - Acupuntura Oriental","robots":{"index":"index","follow":"follow","max-snippet":"max-snippet:-1","max-image-preview":"max-image-preview:large","max-video-preview":"max-video-preview:-1"},"canonical":"https:\/\/acupunturaoriental.com\/eus\/categorias\/","og_locale":"en_US","og_type":"article","og_title":"Categor\u00edas - Acupuntura Oriental","og_url":"https:\/\/acupunturaoriental.com\/eus\/categorias\/","og_site_name":"Acupuntura Oriental","article_modified_time":"2025-05-26T21:29:51+00:00","twitter_card":"summary_large_image","twitter_misc":{"Est. reading time":"4 minutua"},"schema":{"@context":"https:\/\/schema.org","@graph":[{"@type":"WebPage","@id":"https:\/\/acupunturaoriental.com\/categorias\/","url":"https:\/\/acupunturaoriental.com\/categorias\/","name":"Categor\u00edas - Acupuntura Oriental","isPartOf":{"@id":"https:\/\/acupunturaoriental.com\/#website"},"datePublished":"2025-05-26T21:23:24+00:00","dateModified":"2025-05-26T21:29:51+00:00","breadcrumb":{"@id":"https:\/\/acupunturaoriental.com\/categorias\/#breadcrumb"},"inLanguage":"eu","potentialAction":[{"@type":"ReadAction","target":["https:\/\/acupunturaoriental.com\/categorias\/"]}]},{"@type":"BreadcrumbList","@id":"https:\/\/acupunturaoriental.com\/categorias\/#breadcrumb","itemListElement":[{"@type":"ListItem","position":1,"name":"Portada","item":"https:\/\/acupunturaoriental.com\/"},{"@type":"ListItem","position":2,"name":"Categor\u00edas"}]},{"@type":"WebSite","@id":"https:\/\/acupunturaoriental.com\/#website","url":"https:\/\/acupunturaoriental.com\/","name":"Acupuntura Oriental","description":"","publisher":{"@id":"https:\/\/acupunturaoriental.com\/#organization"},"potentialAction":[{"@type":"SearchAction","target":{"@type":"EntryPoint","urlTemplate":"https:\/\/acupunturaoriental.com\/?s={search_term_string}"},"query-input":{"@type":"PropertyValueSpecification","valueRequired":true,"valueName":"search_term_string"}}],"inLanguage":"eu"},{"@type":"Organization","@id":"https:\/\/acupunturaoriental.com\/#organization","name":"Acupuntura Oriental","url":"https:\/\/acupunturaoriental.com\/","logo":{"@type":"ImageObject","inLanguage":"eu","@id":"https:\/\/acupunturaoriental.com\/#\/schema\/logo\/image\/","url":"https:\/\/acupunturaoriental.com\/wp-content\/uploads\/2024\/03\/cropped-Acupuntura_Mesa-de-trabajo-1.png","contentUrl":"https:\/\/acupunturaoriental.com\/wp-content\/uploads\/2024\/03\/cropped-Acupuntura_Mesa-de-trabajo-1.png","width":1919,"height":891,"caption":"Acupuntura Oriental"},"image":{"@id":"https:\/\/acupunturaoriental.com\/#\/schema\/logo\/image\/"}}]}},"_links":{"self":[{"href":"https:\/\/acupunturaoriental.com\/eus\/wp-json\/wp\/v2\/pages\/817","targetHints":{"allow":["GET"]}}],"collection":[{"href":"https:\/\/acupunturaoriental.com\/eus\/wp-json\/wp\/v2\/pages"}],"about":[{"href":"https:\/\/acupunturaoriental.com\/eus\/wp-json\/wp\/v2\/types\/page"}],"author":[{"embeddable":true,"href":"https:\/\/acupunturaoriental.com\/eus\/wp-json\/wp\/v2\/users\/1"}],"replies":[{"embeddable":true,"href":"https:\/\/acupunturaoriental.com\/eus\/wp-json\/wp\/v2\/comments?post=817"}],"version-history":[{"count":5,"href":"https:\/\/acupunturaoriental.com\/eus\/wp-json\/wp\/v2\/pages\/817\/revisions"}],"predecessor-version":[{"id":827,"href":"https:\/\/acupunturaoriental.com\/eus\/wp-json\/wp\/v2\/pages\/817\/revisions\/827"}],"wp:attachment":[{"href":"https:\/\/acupunturaoriental.com\/eus\/wp-json\/wp\/v2\/media?parent=817"}],"curies":[{"name":"wp","href":"https:\/\/api.w.org\/{rel}","templated":true}]}}